{"id":6,"date":"2019-10-11T10:38:09","date_gmt":"2019-10-11T08:38:09","guid":{"rendered":"http:\/\/webseite.lmprojekte.de\/zolldex\/?page_id=6"},"modified":"2021-08-24T16:28:27","modified_gmt":"2021-08-24T14:28:27","slug":"home","status":"publish","type":"page","link":"https:\/\/zolldex.de\/en\/","title":{"rendered":"Home"},"content":{"rendered":"<div class=\"container\">\n<div class=\"home-list-home\">\n<div class=\"row\">\n<div class=\"col-md-4\">\n<div class=\"box-s-h\"><img src=\"https:\/\/zolldex.de\/wp-content\/uploads\/2019\/10\/icon-1.png\" \/><\/p>\n<h2 class=\"text-center\"><a style=\"color: #000;\" href=\"https:\/\/zolldex.de\/en\/zollanmeldung\/\">Customs Declaration<\/a><\/h2>\n<\/div>\n<\/div>\n<div class=\"col-md-4\">\n<div class=\"box-s-h\"><img src=\"https:\/\/zolldex.de\/wp-content\/uploads\/2019\/10\/icon-1.png\" \/><\/p>\n<h2 class=\"text-center\"><a style=\"color: #000;\" href=\"https:\/\/zolldex.de\/en\/ausfuhr\/\">Export<\/a><\/h2>\n<\/div>\n<\/div>\n<div class=\"col-md-4\">\n<div class=\"box-s-h\"><img src=\"https:\/\/zolldex.de\/wp-content\/uploads\/2019\/10\/icon-1.png\" \/><\/p>\n<h2 class=\"text-center\"><a style=\"color: #000;\" href=\"https:\/\/zolldex.de\/en\/papierverfahren\/\">Check-in Paperwork<\/a><\/h2>\n<\/div>\n<\/div>\n<\/div>\n<\/div>\n<\/div>\n<div class=\"home-page-form mt-5 mb-5\">\n<div class=\"container\">\n<div class=\"row\">\n<div class=\"col-md-7\">\n<div id=\"startseitentext\">\n<p>As modern and independent <strong>full service customs agency in Hamburg<\/strong> we will actively support you in all customs procedures. In our activities, we place the highest value on the personal care of our customers. So that you do not have to worry about customs clearance of your goods, we provide you with all the necessary services directly and trustingly from a single source.<\/p>\n<p>The legal requirements of customs law are strict and very complex. If mistakes creep in during customs clearance, this can sometimes lead to serious financial consequences. It is therefore best to hand over the responsible tasks of customs clearance to experts. Our <strong>customs agency in Hamburg<\/strong> konnte \u00fcber die Jahre hinweg zahlreiche Erfahrungen im Speditionsgesch&auml;ft (<a href=\"https:\/\/zolldex.de\/en\/zoll-import-export\/\">Import und Export<\/a>) sammeln. F\u00fcr jegliche Dienstleistungen in der Einfuhr- und Ausfuhrfertigung sind wir Ihr kompetenter Ansprechpartner. Unser qualifiziertes Personal k\u00fcmmert sich zum Beispiel um die n\u00f6tigen Ausfuhranmeldungen f\u00fcr Ihre Exporte und unterst\u00fctzt Sie dar\u00fcber hinaus fachm\u00e4nnisch bei der korrekten Tarifierung der Waren.<\/p>\n<\/div>\n<\/div>\n<div class=\"col-md-5\"><img src=\"https:\/\/zolldex.de\/wp-content\/uploads\/2019\/11\/home-2.jpg\" width=\"100%\" \/><\/div>\n<\/div>\n<h2>Wide range of Customs Services from the experts from Hamburg<\/h2>\n<p>Bei Zolldex erwartet Sie ein umfangreiches Angebot an Zolldienstleistungen f\u00fcr Einfuhr- und Ausfuhrabfertigungen im Hafen Hamburg und in alle Zoll\u00e4mter in Deutschland, beispielsweise:<\/p>\n<ul>\n<li><a href=\"https:\/\/zolldex.de\/en\/zollanmeldung\/\">Customs Declaration<\/a><\/li>\n<li><a href=\"https:\/\/zolldex.de\/en\/ausfuhr\/\">Export Declaration<\/a><\/li>\n<li>Zollbeschau<\/li>\n<li>Dispatches\u00a0in the Paper Process (Registration for all Customs Traffic)<\/li>\n<li>Archiving and Provision of Evidence for Company and External Audits<\/li>\n<li>Non-Binding Tariff Information.<\/li>\n<\/ul>\n<p>Even as more knowledgeable <a href=\"https:\/\/zolldex.de\/en\/fiskalvertreter\/\">Fiscal Representative<\/a> we would be happy to work for you. We advise you comprehensively and are committed to ensuring that any fiscal clearance is always carried out quickly and properly.<\/p>\n<\/div>\n<\/div>\n<div class=\"home-corv mt-5 pt-5\" style=\"background-image: url('https:\/\/zolldex.de\/wp-content\/uploads\/2019\/11\/home-img3.jpg'); background-size: 100%;\">\n<div class=\"container\">\n<div class=\"row\">\n<div class=\"col-md-12 col-lg-5\">\n<h2 class=\"text-center\">Customs Clearance of your goods in Hamburg<\/h2>\n<p>You can completely rely on professional customs clearance. With us you avoid the bureaucratic and often tedious work involved in customs clearance, because we will do it for you!<\/p>\n<p>If you have any questions about our work, one <a href=\"https:\/\/zolldex.de\/en\/zollberatung\/\">customs advice<\/a> or would like to place an order with us, our customer service will be happy to answer your questions. Just give us a call on the phone number below. We are happy to hear from them!<\/p>\n<p class=\"text-center\"><a class=\"btn btn-primary pr-4 pl-4 mb-3\" href=\"https:\/\/zolldex.de\/en\/kontakt\/\">Contact<\/a><\/p>\n<\/div>\n<div class=\"col-md-1 col-lg-1\"><\/div>\n<div class=\"col-md-12 col-lg-6\">\n<h2 class=\"text-center\">Customer-Oriented customs clearance - a matter of course at Zolldex<\/h2>\n<p>Wir bieten Ihnen neben sachgerechten Zolldienstleistungen auch einen umfangreichen Kundenservice an: Bei allen Anfragen gehen wir flexibel auf Ihre individuellen W\u00fcnsche ein und finden aufgrund dessen f\u00fcr alle Anfragen die passende L\u00f6sung. Wenn Sie sich dazu entschlie\u00dfen, unseren <a href=\"https:\/\/zolldex.de\/en\/zollservice-hamburg\/\">Zollservice in Hamburg<\/a> mit Ihrer Zollabwicklung zu beauftragen, profitieren Sie unter anderem von folgenden Vorteilen:<\/p>\n<ul class=\"pl-3\">\n<li>High Flexibility<\/li>\n<li>Attractive Price-Performance Ratio<\/li>\n<li>Personal Customer Care<\/li>\n<li>Many years of Experience and Excellent Quality.<\/li>\n<\/ul>\n<\/div>\n<\/div>\n<\/div>\n<\/div>","protected":false},"excerpt":{"rendered":"<p>Zollanmeldung Ausfuhr Abfertigungen im Papierverfahren Als moderne und unabh\u00e4ngige Full-Service-Zollagentur in Hamburg unterst\u00fctzen wir Sie tatkr\u00e4ftig bei allen anfallenden Abwicklungen [&hellip;]<\/p>","protected":false},"author":1,"featured_media":0,"parent":0,"menu_order":0,"comment_status":"closed","ping_status":"closed","template":"page-templates\/home.php","meta":[],"yoast_head":"<!-- This site is optimized with the Yoast SEO plugin v15.6.2 - https:\/\/yoast.com\/wordpress\/plugins\/seo\/ -->\n<title>Zolldex | Ihre kompetente Zollagentur in Hamburg<\/title>\n<meta name=\"description\" content=\"Sie sind auf der Suche nach einer professionellen Zollagentur in Hamburg? Zolldex \u00fcbernimmt Ihre Zollabfertigung zeitnah und kosteng\u00fcnstig.\" \/>\n<meta name=\"robots\" content=\"index, follow, max-snippet:-1, max-image-preview:large, max-video-preview:-1\" \/>\n<link rel=\"canonical\" href=\"https:\/\/zolldex.de\/en\/\" \/>\n<meta property=\"og:locale\" content=\"en_US\" \/>\n<meta property=\"og:type\" content=\"article\" \/>\n<meta property=\"og:title\" content=\"Zolldex | Ihre kompetente Zollagentur in Hamburg\" \/>\n<meta property=\"og:description\" content=\"Sie sind auf der Suche nach einer professionellen Zollagentur in Hamburg? Zolldex \u00fcbernimmt Ihre Zollabfertigung zeitnah und kosteng\u00fcnstig.\" \/>\n<meta property=\"og:url\" content=\"https:\/\/zolldex.de\/en\/\" \/>\n<meta property=\"og:site_name\" content=\"Zolldex GmbH\" \/>\n<meta property=\"article:modified_time\" content=\"2021-08-24T14:28:27+00:00\" \/>\n<meta property=\"og:image\" content=\"https:\/\/zolldex.de\/wp-content\/uploads\/2019\/10\/icon-1.png\" \/>\n<meta name=\"twitter:card\" content=\"summary_large_image\" \/>\n<meta name=\"twitter:label1\" content=\"Est. reading time\">\n\t<meta name=\"twitter:data1\" content=\"2 minutes\">\n<script type=\"application\/ld+json\" class=\"yoast-schema-graph\">{\"@context\":\"https:\/\/schema.org\",\"@graph\":[{\"@type\":\"WebSite\",\"@id\":\"https:\/\/zolldex.de\/#website\",\"url\":\"https:\/\/zolldex.de\/\",\"name\":\"Zolldex GmbH\",\"description\":\"Eine weitere WordPress-Website\",\"potentialAction\":[{\"@type\":\"SearchAction\",\"target\":\"https:\/\/zolldex.de\/?s={search_term_string}\",\"query-input\":\"required name=search_term_string\"}],\"inLanguage\":\"en-US\"},{\"@type\":\"ImageObject\",\"@id\":\"https:\/\/zolldex.de\/#primaryimage\",\"inLanguage\":\"en-US\",\"url\":\"https:\/\/zolldex.de\/wp-content\/uploads\/2019\/10\/icon-1.png\",\"width\":55,\"height\":48},{\"@type\":\"WebPage\",\"@id\":\"https:\/\/zolldex.de\/#webpage\",\"url\":\"https:\/\/zolldex.de\/\",\"name\":\"Zolldex | Ihre kompetente Zollagentur in Hamburg\",\"isPartOf\":{\"@id\":\"https:\/\/zolldex.de\/#website\"},\"primaryImageOfPage\":{\"@id\":\"https:\/\/zolldex.de\/#primaryimage\"},\"datePublished\":\"2019-10-11T08:38:09+00:00\",\"dateModified\":\"2021-08-24T14:28:27+00:00\",\"description\":\"Sie sind auf der Suche nach einer professionellen Zollagentur in Hamburg? Zolldex \\u00fcbernimmt Ihre Zollabfertigung zeitnah und kosteng\\u00fcnstig.\",\"inLanguage\":\"en-US\",\"potentialAction\":[{\"@type\":\"ReadAction\",\"target\":[\"https:\/\/zolldex.de\/\"]}]}]}<\/script>\n<!-- \/ Yoast SEO plugin. -->","_links":{"self":[{"href":"https:\/\/zolldex.de\/en\/wp-json\/wp\/v2\/pages\/6"}],"collection":[{"href":"https:\/\/zolldex.de\/en\/wp-json\/wp\/v2\/pages"}],"about":[{"href":"https:\/\/zolldex.de\/en\/wp-json\/wp\/v2\/types\/page"}],"author":[{"embeddable":true,"href":"https:\/\/zolldex.de\/en\/wp-json\/wp\/v2\/users\/1"}],"replies":[{"embeddable":true,"href":"https:\/\/zolldex.de\/en\/wp-json\/wp\/v2\/comments?post=6"}],"version-history":[{"count":59,"href":"https:\/\/zolldex.de\/en\/wp-json\/wp\/v2\/pages\/6\/revisions"}],"predecessor-version":[{"id":441,"href":"https:\/\/zolldex.de\/en\/wp-json\/wp\/v2\/pages\/6\/revisions\/441"}],"wp:attachment":[{"href":"https:\/\/zolldex.de\/en\/wp-json\/wp\/v2\/media?parent=6"}],"curies":[{"name":"wp","href":"https:\/\/api.w.org\/{rel}","templated":true}]}}