{"id":59,"date":"2019-10-11T13:29:54","date_gmt":"2019-10-11T11:29:54","guid":{"rendered":"http:\/\/webseite.lmprojekte.de\/zolldex\/?page_id=59"},"modified":"2019-11-05T12:59:41","modified_gmt":"2019-11-05T11:59:41","slug":"agb","status":"publish","type":"page","link":"https:\/\/zolldex.de\/en\/agb\/","title":{"rendered":"AGB"},"content":{"rendered":"<div class=\"sin-page mt-5 mb-5 serv\">\n<div class=\"container\">\n<h1 class=\"text-center\">AGB<\/h1>\n<div class=\"row mt-5\">\n<h4>Lorem Ipsum<\/h4>\n<p>Lorem Ipsum ist ein einfacher Demo-Text f\u00fcr die Print- und Schriftindustrie. Lorem Ipsum ist in der Industrie bereits der Standard Demo-Text seit 1500, als ein unbekannter Schriftsteller eine Hand voll W\u00f6rter nahm und diese durcheinander warf um ein Musterbuch zu erstellen. Es hat nicht nur 5 Jahrhunderte \u00fcberlebt, sondern auch in Spruch in die elektronische Schriftbearbeitung geschafft (bemerke, nahezu unver\u00e4ndert). Bekannt wurde es 1960, mit dem erscheinen von &#8222;Letraset&#8220;, welches Passagen von Lorem Ipsum enhielt, so wie Desktop Software wie &#8222;Aldus PageMaker&#8220; &#8211; ebenfalls mit Lorem Ipsum.\n<\/p><\/div>\n<\/div>\n<\/div>","protected":false},"excerpt":{"rendered":"<p>AGB Lorem Ipsum Lorem Ipsum ist ein einfacher Demo-Text f\u00fcr die Print- und Schriftindustrie. Lorem Ipsum ist in der Industrie [&hellip;]<\/p>","protected":false},"author":1,"featured_media":183,"parent":0,"menu_order":0,"comment_status":"closed","ping_status":"closed","template":"page-templates\/page-full.php","meta":[],"yoast_head":"<!-- This site is optimized with the Yoast SEO plugin v15.6.2 - https:\/\/yoast.com\/wordpress\/plugins\/seo\/ -->\n<title>AGB - Zolldex GmbH<\/title>\n<meta name=\"robots\" content=\"index, follow, max-snippet:-1, max-image-preview:large, max-video-preview:-1\" \/>\n<link rel=\"canonical\" href=\"https:\/\/zolldex.de\/en\/agb\/\" \/>\n<meta property=\"og:locale\" content=\"en_US\" \/>\n<meta property=\"og:type\" content=\"article\" \/>\n<meta property=\"og:title\" content=\"AGB - Zolldex GmbH\" \/>\n<meta property=\"og:description\" content=\"AGB Lorem Ipsum Lorem Ipsum ist ein einfacher Demo-Text f\u00fcr die Print- und Schriftindustrie. Lorem Ipsum ist in der Industrie [&hellip;]\" \/>\n<meta property=\"og:url\" content=\"https:\/\/zolldex.de\/en\/agb\/\" \/>\n<meta property=\"og:site_name\" content=\"Zolldex GmbH\" \/>\n<meta property=\"article:modified_time\" content=\"2019-11-05T11:59:41+00:00\" \/>\n<meta property=\"og:image\" content=\"https:\/\/zolldex.de\/wp-content\/uploads\/2019\/11\/agb.jpg\" \/>\n\t<meta property=\"og:image:width\" content=\"1346\" \/>\n\t<meta property=\"og:image:height\" content=\"324\" \/>\n<meta name=\"twitter:card\" content=\"summary_large_image\" \/>\n<script type=\"application\/ld+json\" class=\"yoast-schema-graph\">{\"@context\":\"https:\/\/schema.org\",\"@graph\":[{\"@type\":\"WebSite\",\"@id\":\"https:\/\/zolldex.de\/#website\",\"url\":\"https:\/\/zolldex.de\/\",\"name\":\"Zolldex GmbH\",\"description\":\"Eine weitere WordPress-Website\",\"potentialAction\":[{\"@type\":\"SearchAction\",\"target\":\"https:\/\/zolldex.de\/?s={search_term_string}\",\"query-input\":\"required name=search_term_string\"}],\"inLanguage\":\"en-US\"},{\"@type\":\"ImageObject\",\"@id\":\"https:\/\/zolldex.de\/en\/agb\/#primaryimage\",\"inLanguage\":\"en-US\",\"url\":\"https:\/\/zolldex.de\/wp-content\/uploads\/2019\/11\/agb.jpg\",\"width\":1346,\"height\":324},{\"@type\":\"WebPage\",\"@id\":\"https:\/\/zolldex.de\/en\/agb\/#webpage\",\"url\":\"https:\/\/zolldex.de\/en\/agb\/\",\"name\":\"AGB - Zolldex GmbH\",\"isPartOf\":{\"@id\":\"https:\/\/zolldex.de\/#website\"},\"primaryImageOfPage\":{\"@id\":\"https:\/\/zolldex.de\/en\/agb\/#primaryimage\"},\"datePublished\":\"2019-10-11T11:29:54+00:00\",\"dateModified\":\"2019-11-05T11:59:41+00:00\",\"inLanguage\":\"en-US\",\"potentialAction\":[{\"@type\":\"ReadAction\",\"target\":[\"https:\/\/zolldex.de\/en\/agb\/\"]}]}]}<\/script>\n<!-- \/ Yoast SEO plugin. -->","_links":{"self":[{"href":"https:\/\/zolldex.de\/en\/wp-json\/wp\/v2\/pages\/59"}],"collection":[{"href":"https:\/\/zolldex.de\/en\/wp-json\/wp\/v2\/pages"}],"about":[{"href":"https:\/\/zolldex.de\/en\/wp-json\/wp\/v2\/types\/page"}],"author":[{"embeddable":true,"href":"https:\/\/zolldex.de\/en\/wp-json\/wp\/v2\/users\/1"}],"replies":[{"embeddable":true,"href":"https:\/\/zolldex.de\/en\/wp-json\/wp\/v2\/comments?post=59"}],"version-history":[{"count":6,"href":"https:\/\/zolldex.de\/en\/wp-json\/wp\/v2\/pages\/59\/revisions"}],"predecessor-version":[{"id":117,"href":"https:\/\/zolldex.de\/en\/wp-json\/wp\/v2\/pages\/59\/revisions\/117"}],"wp:featuredmedia":[{"embeddable":true,"href":"https:\/\/zolldex.de\/en\/wp-json\/wp\/v2\/media\/183"}],"wp:attachment":[{"href":"https:\/\/zolldex.de\/en\/wp-json\/wp\/v2\/media?parent=59"}],"curies":[{"name":"wp","href":"https:\/\/api.w.org\/{rel}","templated":true}]}}