{"id":237,"date":"2019-11-14T11:44:42","date_gmt":"2019-11-14T10:44:42","guid":{"rendered":"https:\/\/zolldex.de\/?page_id=237"},"modified":"2019-11-23T13:09:36","modified_gmt":"2019-11-23T12:09:36","slug":"papierverfahren","status":"publish","type":"page","link":"https:\/\/zolldex.de\/en\/papierverfahren\/","title":{"rendered":"Papierverfahren"},"content":{"rendered":"<div class=\"sin-page mt-5 mb-5 serv\">\n<div class=\"container\">\n<h1 class=\"text-center\">Check-in Paperwork<\/h1>\n<div class=\"mt-5\">\n<ul>\n<li>Active \/ Passive Processing<\/li>\n<li>Returned Goods Declaration<\/li>\n<li>Personal Effects<\/li>\n<li>Status Certificate \/ T2L, T2LF<\/li>\n<li>Carnet TIR<\/li>\n<li>Carnet ATA<\/li>\n<li>Carnet de Passage<\/li>\n<li>Creation of Preference Documents (EUR. 1, A.TR., EUR MED)<\/li>\n<li>Creation and Neutralisation of Preference Certificates<\/li>\n<li>Creation of Origin Certificates<\/li>\n<li>Veterinary Inspection (GVDE, GDE)<\/li>\n<li>Application for EORI (customs) and VAT ID Numbers<\/li>\n<li>Application for Customs Payment Deferment Account<\/li>\n<li>Refund Applications<\/li>\n<li>Organisation of Inspections<\/li>\n<li>Customs Tariff Information<\/li>\n<li>ATB Division and Consolidation<\/li>\n<li>Change of Carrier <\/li>\n<\/ul><\/div>\n<\/p><\/div>\n<\/div>","protected":false},"excerpt":{"rendered":"<p>Abfertigungen im Papierverfahren Aktive \/ Passive Veredelung R\u00fcckwarenerkl\u00e4rung pers\u00f6nliche Effekte Statusbescheinigung \/ T2L, T2LF Carnet TIR Carnet ATA Carnet de [&hellip;]<\/p>","protected":false},"author":1,"featured_media":0,"parent":0,"menu_order":0,"comment_status":"closed","ping_status":"closed","template":"page-templates\/page-full.php","meta":[],"yoast_head":"<!-- This site is optimized with the Yoast SEO plugin v15.6.2 - https:\/\/yoast.com\/wordpress\/plugins\/seo\/ -->\n<title>Papierverfahren - Zolldex GmbH<\/title>\n<meta name=\"robots\" content=\"index, follow, max-snippet:-1, max-image-preview:large, max-video-preview:-1\" \/>\n<link rel=\"canonical\" href=\"https:\/\/zolldex.de\/en\/papierverfahren\/\" \/>\n<meta property=\"og:locale\" content=\"en_US\" \/>\n<meta property=\"og:type\" content=\"article\" \/>\n<meta property=\"og:title\" content=\"Papierverfahren - Zolldex GmbH\" \/>\n<meta property=\"og:description\" content=\"Abfertigungen im Papierverfahren Aktive \/ Passive Veredelung R\u00fcckwarenerkl\u00e4rung pers\u00f6nliche Effekte Statusbescheinigung \/ T2L, T2LF Carnet TIR Carnet ATA Carnet de [&hellip;]\" \/>\n<meta property=\"og:url\" content=\"https:\/\/zolldex.de\/en\/papierverfahren\/\" \/>\n<meta property=\"og:site_name\" content=\"Zolldex GmbH\" \/>\n<meta property=\"article:modified_time\" content=\"2019-11-23T12:09:36+00:00\" \/>\n<meta name=\"twitter:card\" content=\"summary_large_image\" \/>\n<script type=\"application\/ld+json\" class=\"yoast-schema-graph\">{\"@context\":\"https:\/\/schema.org\",\"@graph\":[{\"@type\":\"WebSite\",\"@id\":\"https:\/\/zolldex.de\/#website\",\"url\":\"https:\/\/zolldex.de\/\",\"name\":\"Zolldex GmbH\",\"description\":\"Eine weitere WordPress-Website\",\"potentialAction\":[{\"@type\":\"SearchAction\",\"target\":\"https:\/\/zolldex.de\/?s={search_term_string}\",\"query-input\":\"required name=search_term_string\"}],\"inLanguage\":\"en-US\"},{\"@type\":\"WebPage\",\"@id\":\"https:\/\/zolldex.de\/papierverfahren\/#webpage\",\"url\":\"https:\/\/zolldex.de\/papierverfahren\/\",\"name\":\"Papierverfahren - Zolldex GmbH\",\"isPartOf\":{\"@id\":\"https:\/\/zolldex.de\/#website\"},\"datePublished\":\"2019-11-14T10:44:42+00:00\",\"dateModified\":\"2019-11-23T12:09:36+00:00\",\"inLanguage\":\"en-US\",\"potentialAction\":[{\"@type\":\"ReadAction\",\"target\":[\"https:\/\/zolldex.de\/papierverfahren\/\"]}]}]}<\/script>\n<!-- \/ Yoast SEO plugin. -->","_links":{"self":[{"href":"https:\/\/zolldex.de\/en\/wp-json\/wp\/v2\/pages\/237"}],"collection":[{"href":"https:\/\/zolldex.de\/en\/wp-json\/wp\/v2\/pages"}],"about":[{"href":"https:\/\/zolldex.de\/en\/wp-json\/wp\/v2\/types\/page"}],"author":[{"embeddable":true,"href":"https:\/\/zolldex.de\/en\/wp-json\/wp\/v2\/users\/1"}],"replies":[{"embeddable":true,"href":"https:\/\/zolldex.de\/en\/wp-json\/wp\/v2\/comments?post=237"}],"version-history":[{"count":3,"href":"https:\/\/zolldex.de\/en\/wp-json\/wp\/v2\/pages\/237\/revisions"}],"predecessor-version":[{"id":261,"href":"https:\/\/zolldex.de\/en\/wp-json\/wp\/v2\/pages\/237\/revisions\/261"}],"wp:attachment":[{"href":"https:\/\/zolldex.de\/en\/wp-json\/wp\/v2\/media?parent=237"}],"curies":[{"name":"wp","href":"https:\/\/api.w.org\/{rel}","templated":true}]}}